{"id":3592,"date":"2026-04-24T09:02:58","date_gmt":"2026-04-24T14:02:58","guid":{"rendered":"https:\/\/eyeboutique.com\/?page_id=3592"},"modified":"2026-05-07T08:47:03","modified_gmt":"2026-05-07T13:47:03","slug":"bilingual","status":"publish","type":"page","link":"https:\/\/eyeboutique.com\/es\/optometrists\/bilingual\/","title":{"rendered":"Bilingual Eye Doctor"},"content":{"rendered":"<div class=\"wp-block-columns no-gap equal-columns is-layout-flex wp-container-core-columns-is-layout-9d6595d7 wp-block-columns-is-layout-flex\">\n<div class=\"wp-block-column is-layout-flow wp-block-column-is-layout-flow\" style=\"flex-basis:60%\">\n<div class=\"wp-block-cover\"><img loading=\"lazy\" decoding=\"async\" width=\"1000\" height=\"420\" class=\"wp-block-cover__image-background wp-image-3594 size-full\" alt=\"\" src=\"https:\/\/eyeboutique.com\/wp-content\/uploads\/2026\/04\/optometrists-banner-left.jpg\" data-object-fit=\"cover\" srcset=\"https:\/\/eyeboutique.com\/wp-content\/uploads\/2026\/04\/optometrists-banner-left.jpg 1000w, https:\/\/eyeboutique.com\/wp-content\/uploads\/2026\/04\/optometrists-banner-left-300x126.jpg 300w, https:\/\/eyeboutique.com\/wp-content\/uploads\/2026\/04\/optometrists-banner-left-768x323.jpg 768w, https:\/\/eyeboutique.com\/wp-content\/uploads\/2026\/04\/optometrists-banner-left-18x8.jpg 18w\" sizes=\"auto, (max-width: 1000px) 100vw, 1000px\" \/><span aria-hidden=\"true\" class=\"wp-block-cover__background has-background-dim-0 has-background-dim\" style=\"background-color:#9b1a25\"><\/span><div class=\"wp-block-cover__inner-container is-layout-constrained wp-block-cover-is-layout-constrained\"><div class=\"wp-bootstrap-blocks-container container mb-2\">\n\t\n\n<h1 class=\"wp-block-heading\" style=\"font-style:normal;font-weight:300\"><strong>Oftalm\u00f3logos de habla hispana<\/strong> cerca de Chicago<\/h1>\n\n\n\n<p>Los optometristas de Eye Boutique brindan atenci\u00f3n oftalmol\u00f3gica de calidad para pacientes, incluida la comunidad de habla hispana. <\/p>\n\n\n<div class=\"trp-block-container\"><div class=\"trp-shortcode-switcher__wrapper\"\r\n     style=\"--bg:#ffffff;--bg-hover:#0000000d;--text:#143852;--text-hover:#1d2327;--border:1px solid #1438521a;--border-width:1px;--border-color:#1438521a;--border-radius:5px;--flag-radius:2px;--flag-size:18px;--aspect-ratio:4\/3;--font-size:14px;--transition-duration:0.2s\"\r\n     role=\"group\"\r\n     data-open-mode=\"hover\">\r\n\r\n    \r\n        <!-- ANCHOR (in-flow only; sizing\/borders; inert) -->\r\n        <div class=\"trp-language-switcher trp-ls-dropdown trp-shortcode-switcher trp-shortcode-anchor trp-open-on-hover\"\r\n             aria-hidden=\"true\"\r\n             inert\r\n data-no-translation>\r\n                <div class=\"trp-current-language-item__wrapper\">\r\n        <a class=\"trp-language-item trp-language-item__default trp-language-item__current\" data-no-translation href=\"https:\/\/eyeboutique.com\/es\/wp-json\/wp\/v2\/pages\/3592\" title=\"Spanish\"><img decoding=\"async\" src=\"https:\/\/eyeboutique.com\/wp-content\/plugins\/translatepress-multilingual\/assets\/flags\/4x3\/es_ES.svg\" class=\"trp-flag-image\" alt=\"\" role=\"presentation\" loading=\"lazy\" \/><span class=\"trp-language-item-name\">Spanish<\/span><\/a>                    <svg class=\"trp-shortcode-arrow\" width=\"20\" height=\"20\" viewbox=\"0 0 20 21\" fill=\"none\" aria-hidden=\"true\" focusable=\"false\" xmlns=\"http:\/\/www.w3.org\/2000\/svg\">\r\n                <path d=\"M5 8L10 13L15 8\" stroke=\"var(--text)\" stroke-width=\"2\" stroke-linecap=\"round\" stroke-linejoin=\"round\"\/>\r\n            <\/svg>\r\n            <\/div>\r\n            <\/div>\r\n\r\n        <!-- OVERLAY (positioned; interactive surface) -->\r\n        <div class=\"trp-language-switcher trp-ls-dropdown trp-shortcode-switcher trp-shortcode-overlay trp-open-on-hover\"\r\n             role=\"navigation\"\r\n             aria-label=\"Selector de idioma del sitio web\"\r\n             data-no-translation\r\n>\r\n                <div class=\"trp-current-language-item__wrapper\">\r\n        <div class=\"trp-language-item trp-language-item__default trp-language-item__current\" data-no-translation role=\"button\" aria-expanded=\"false\" tabindex=\"0\" aria-label=\"Change language\" aria-controls=\"trp-shortcode-dropdown-6a038d50cb1bf\"><img decoding=\"async\" src=\"https:\/\/eyeboutique.com\/wp-content\/plugins\/translatepress-multilingual\/assets\/flags\/4x3\/es_ES.svg\" class=\"trp-flag-image\" alt=\"\" role=\"presentation\" loading=\"lazy\" \/><span class=\"trp-language-item-name\">Spanish<\/span><\/div>                    <svg class=\"trp-shortcode-arrow\" width=\"20\" height=\"20\" viewbox=\"0 0 20 21\" fill=\"none\" aria-hidden=\"true\" focusable=\"false\" xmlns=\"http:\/\/www.w3.org\/2000\/svg\">\r\n                <path d=\"M5 8L10 13L15 8\" stroke=\"var(--text)\" stroke-width=\"2\" stroke-linecap=\"round\" stroke-linejoin=\"round\"\/>\r\n            <\/svg>\r\n            <\/div>\r\n    \r\n            <div class=\"trp-switcher-dropdown-list\"\r\n                 id=\"trp-shortcode-dropdown-6a038d50cb1bf\"\r\n                 role=\"group\"\r\n                 aria-label=\"Idiomas disponibles\"\r\n                 hidden\r\n inert\r\n>\r\n                                                            <a class=\"trp-language-item\" href=\"https:\/\/eyeboutique.com\/es\/wp-json\/wp\/v2\/pages\/3592\" title=\"Ingl\u00e9s\">\r\n                            <img decoding=\"async\" src=\"https:\/\/eyeboutique.com\/wp-content\/plugins\/translatepress-multilingual\/assets\/flags\/4x3\/en_US.svg\" class=\"trp-flag-image\" alt=\"\" role=\"presentation\" loading=\"lazy\" \/>                                                            <span class=\"trp-language-item-name\" data-no-translation>English<\/span>\r\n                                                                                <\/a>\r\n                                                <\/div>\r\n        <\/div>\r\n\r\n    <\/div>\r\n<\/div>\n<\/div>\n<\/div><\/div>\n<\/div>\n\n\n\n<div class=\"wp-block-column is-layout-flow wp-block-column-is-layout-flow\" style=\"flex-basis:40%\">\n<div class=\"wp-block-cover is-light mobile-hide\"><img loading=\"lazy\" decoding=\"async\" width=\"1003\" height=\"423\" class=\"wp-block-cover__image-background wp-image-3593 size-full\" alt=\"\" src=\"https:\/\/eyeboutique.com\/wp-content\/uploads\/2026\/04\/BilingualBanner.jpg\" data-object-fit=\"cover\" srcset=\"https:\/\/eyeboutique.com\/wp-content\/uploads\/2026\/04\/BilingualBanner.jpg 1003w, https:\/\/eyeboutique.com\/wp-content\/uploads\/2026\/04\/BilingualBanner-300x127.jpg 300w, https:\/\/eyeboutique.com\/wp-content\/uploads\/2026\/04\/BilingualBanner-768x324.jpg 768w, https:\/\/eyeboutique.com\/wp-content\/uploads\/2026\/04\/BilingualBanner-18x8.jpg 18w\" sizes=\"auto, (max-width: 1003px) 100vw, 1003px\" \/><span aria-hidden=\"true\" class=\"wp-block-cover__background has-background-dim-0 has-background-dim\" style=\"background-color:#bbb8b9\"><\/span><div class=\"wp-block-cover__inner-container is-layout-constrained wp-block-cover-is-layout-constrained\">\n<p class=\"has-text-align-center has-large-font-size\"><\/p>\n<\/div><\/div>\n<\/div>\n<\/div>\n\n\n\n<div class=\"wp-block-cover is-light\"><img loading=\"lazy\" decoding=\"async\" width=\"1024\" height=\"529\" class=\"wp-block-cover__image-background wp-image-2671 size-large\" alt=\"\" src=\"https:\/\/eyeboutique.com\/wp-content\/uploads\/2026\/04\/White-line-background-1024x529.jpg\" data-object-fit=\"cover\" srcset=\"https:\/\/eyeboutique.com\/wp-content\/uploads\/2026\/04\/White-line-background-1024x529.jpg 1024w, https:\/\/eyeboutique.com\/wp-content\/uploads\/2026\/04\/White-line-background-300x155.jpg 300w, https:\/\/eyeboutique.com\/wp-content\/uploads\/2026\/04\/White-line-background-768x397.jpg 768w, https:\/\/eyeboutique.com\/wp-content\/uploads\/2026\/04\/White-line-background-1536x793.jpg 1536w, https:\/\/eyeboutique.com\/wp-content\/uploads\/2026\/04\/White-line-background-2048x1058.jpg 2048w\" sizes=\"auto, (max-width: 1024px) 100vw, 1024px\" \/><span aria-hidden=\"true\" class=\"wp-block-cover__background has-background-dim\" style=\"background-color:#f9f9f9\"><\/span><div class=\"wp-block-cover__inner-container is-layout-constrained wp-block-cover-is-layout-constrained\">\n<div style=\"height:40px\" aria-hidden=\"true\" class=\"wp-block-spacer\"><\/div>\n\n\n\n<h2 class=\"wp-block-heading\" style=\"font-style:normal;font-weight:300\"><strong>Opt\u00f3metras y \u00f3pticos biling\u00fces<\/strong> En 6 ubicaciones del \u00e1rea de Chicago<\/h2>\n\n\n\n<p>Contamos con oculistas y \u00f3pticos biling\u00fces para hacer su experiencia lo m\u00e1s c\u00f3moda posible. Para asegurar que haya un oculista de habla hispana disponible cuando nos visite, por favor cont\u00e1ctenos con anticipaci\u00f3n para programar una cita.<\/p>\n\n\n\n<h2 class=\"wp-block-heading\">Ex\u00e1menes de la vista en ingl\u00e9s y espa\u00f1ol<\/h2>\n\n\n\n<p><a href=\"https:\/\/eyeboutique.com\/es\/eyeexams\/\">Ex\u00e1menes oculares de rutina<\/a>&nbsp;son una forma f\u00e1cil y asequible de proteger la salud de sus ojos y disfrutar de una visi\u00f3n n\u00edtida. Nuestros oftalm\u00f3logos realizan ex\u00e1menes oculares completos para ni\u00f1os de 3 a\u00f1os en adelante y para adultos de cualquier edad. Poder comunicarse con su m\u00e9dico es vital para obtener el m\u00e1ximo beneficio de su examen ocular. Siempre nos complace complacer a nuestros pacientes que prefieren tener un optometrista u \u00f3ptico que hable espa\u00f1ol presente.<\/p>\n\n\n\n<div style=\"height:40px\" aria-hidden=\"true\" class=\"wp-block-spacer\"><\/div>\n<\/div><\/div>\n\n\n\n<div class=\"wp-block-columns no-gap equal-columns reverse-mobile is-layout-flex wp-container-core-columns-is-layout-9d6595d7 wp-block-columns-is-layout-flex\">\n<div class=\"wp-block-column is-layout-flow wp-block-column-is-layout-flow\" style=\"flex-basis:50%\">\n<div class=\"wp-block-cover is-light\" style=\"min-height:600px;aspect-ratio:unset;\"><span aria-hidden=\"true\" class=\"wp-block-cover__background has-white-background-color has-background-dim-0 has-background-dim\"><\/span><div class=\"wp-block-cover__inner-container is-layout-constrained wp-block-cover-is-layout-constrained\"><div class=\"wp-bootstrap-blocks-container container mb-2\">\n\t\n\n<h2 class=\"wp-block-heading\">Seguro de visi\u00f3n aceptado para ex\u00e1menes de la vista, gafas y lentes de contacto<\/h2>\n\n\n\n<p>Boutique de Ojos&nbsp;<a href=\"https:\/\/eyeboutique.com\/optometrists\/\">optometristas<\/a>&nbsp;aceptamos la mayor\u00eda de los planes de seguros de visi\u00f3n, incluido Vision Service Plan (VSP). Ofrecemos verificaciones de seguro gratuitas para que sepa exactamente qu\u00e9 cubren sus beneficios.<\/p>\n\n\n\n<p>\u00bfNo tienes seguro de visi\u00f3n? No te preocupes.&nbsp;<a href=\"https:\/\/eyeboutique.com\/accept\/carecredit\/\">Aceptamos CareCredit<\/a>&nbsp;y ofrecer trimestralmente&nbsp;<a href=\"https:\/\/eyeboutique.com\/News\/Deals\/\">Descuentos en ex\u00e1menes de la vista y gafas<\/a>. Muchos de nuestros pacientes no tienen seguro y pueden permitirse recibir atenci\u00f3n oftalmol\u00f3gica y anteojos de calidad.<\/p>\n\n\n\n<h3 class=\"wp-block-heading\">Gafas y lentillas de las mejores marcas<\/h3>\n\n\n\n<p>Eye Boutique ofrece una amplia variedad de anteojos, gafas de sol y lentes de contacto de las marcas l\u00edderes. Utilizamos lentes \u00f3pticos de alta calidad y todos nuestros anteojos se terminan a mano en nuestro laboratorio de lentes aqu\u00ed mismo en el Medio Oeste. <a href=\"https:\/\/eyeboutique.com\/es\/store\/\">Visita una de nuestras tiendas<\/a>&nbsp;a probarse monturas.<\/p>\n\n\n\n<h3 class=\"wp-block-heading\">Busca un oftalm\u00f3logo que hable espa\u00f1ol en el \u00e1rea metropolitana de Chicago<\/h3>\n\n\n\n<p>Los optometristas de Eye Boutique son DO con licencia que brindan servicios completos de oftalmolog\u00eda, desde la prescripci\u00f3n de lentes hasta el tratamiento de trastornos oculares y de la visi\u00f3n.<\/p>\n\n\n\n<p><a href=\"https:\/\/eyeboutique.com\/contact\/\">Contacta tu sucursal de Eye Boutique m\u00e1s cercana<\/a>&nbsp;para solicitar un examen de la vista, y por favor aseg\u00farese de indicarnos si desea un optometrista que hable espa\u00f1ol o alg\u00fan otro miembro del personal biling\u00fce disponible.<\/p>\n\n<\/div>\n<\/div><\/div>\n<\/div>\n\n\n\n<div class=\"wp-block-column is-layout-flow wp-block-column-is-layout-flow\" style=\"flex-basis:50%\">\n<div class=\"wp-block-cover is-light\" style=\"min-height:750px;aspect-ratio:unset;\"><img loading=\"lazy\" decoding=\"async\" width=\"901\" height=\"692\" class=\"wp-block-cover__image-background wp-image-3595 size-full\" alt=\"\" src=\"https:\/\/eyeboutique.com\/wp-content\/uploads\/2026\/04\/BilingualLower.jpg\" style=\"object-position:41% 24%\" data-object-fit=\"cover\" data-object-position=\"41% 24%\" srcset=\"https:\/\/eyeboutique.com\/wp-content\/uploads\/2026\/04\/BilingualLower.jpg 901w, https:\/\/eyeboutique.com\/wp-content\/uploads\/2026\/04\/BilingualLower-300x230.jpg 300w, https:\/\/eyeboutique.com\/wp-content\/uploads\/2026\/04\/BilingualLower-768x590.jpg 768w, https:\/\/eyeboutique.com\/wp-content\/uploads\/2026\/04\/BilingualLower-16x12.jpg 16w\" sizes=\"auto, (max-width: 901px) 100vw, 901px\" \/><span aria-hidden=\"true\" class=\"wp-block-cover__background has-background-dim-0 has-background-dim\" style=\"background-color:#a2856b\"><\/span><div class=\"wp-block-cover__inner-container is-layout-constrained wp-block-cover-is-layout-constrained\">\n<p class=\"has-text-align-center has-large-font-size\"><\/p>\n<\/div><\/div>\n<\/div>\n<\/div>","protected":false},"excerpt":{"rendered":"","protected":false},"author":1,"featured_media":0,"parent":2714,"menu_order":0,"comment_status":"closed","ping_status":"closed","template":"","meta":{"_acf_changed":false,"footnotes":""},"class_list":["post-3592","page","type-page","status-publish","hentry"],"acf":[],"yoast_head":"<!-- This site is optimized with the Yoast SEO plugin v27.5 - https:\/\/yoast.com\/product\/yoast-seo-wordpress\/ -->\n<title>Chicago Spanish Eye Doctors: Bilingual Optometrists IL | Eye Boutique<\/title>\n<meta name=\"description\" content=\"Eye Boutique has 6 centers with bilingual optometrists &amp; staff for Spanish-speaking patients. Most vision insurance accepted.\" \/>\n<meta name=\"robots\" content=\"index, follow, max-snippet:-1, max-image-preview:large, max-video-preview:-1\" \/>\n<link rel=\"canonical\" href=\"https:\/\/eyeboutique.com\/es\/optometrists\/bilingual\/\" \/>\n<meta property=\"og:locale\" content=\"es_ES\" \/>\n<meta property=\"og:type\" content=\"article\" \/>\n<meta property=\"og:title\" content=\"Chicago Spanish Eye Doctors: Bilingual Optometrists IL | Eye Boutique\" \/>\n<meta property=\"og:description\" content=\"Eye Boutique has 6 centers with bilingual optometrists &amp; staff for Spanish-speaking patients. Most vision insurance accepted.\" \/>\n<meta property=\"og:url\" content=\"https:\/\/eyeboutique.com\/es\/optometrists\/bilingual\/\" \/>\n<meta property=\"og:site_name\" content=\"Eye Boutique\" \/>\n<meta property=\"article:modified_time\" content=\"2026-05-07T13:47:03+00:00\" \/>\n<meta property=\"og:image\" content=\"https:\/\/eyeboutique.com\/wp-content\/uploads\/2026\/04\/optometrists-banner-left.jpg\" \/>\n\t<meta property=\"og:image:width\" content=\"1000\" \/>\n\t<meta property=\"og:image:height\" content=\"420\" \/>\n\t<meta property=\"og:image:type\" content=\"image\/jpeg\" \/>\n<meta name=\"twitter:card\" content=\"summary_large_image\" \/>\n<meta name=\"twitter:label1\" content=\"Tiempo de lectura\" \/>\n\t<meta name=\"twitter:data1\" content=\"3 minutos\" \/>\n<script type=\"application\/ld+json\" class=\"yoast-schema-graph\">{\"@context\":\"https:\\\/\\\/schema.org\",\"@graph\":[{\"@type\":\"WebPage\",\"@id\":\"https:\\\/\\\/eyeboutique.com\\\/optometrists\\\/bilingual\\\/\",\"url\":\"https:\\\/\\\/eyeboutique.com\\\/optometrists\\\/bilingual\\\/\",\"name\":\"Chicago Spanish Eye Doctors: Bilingual Optometrists IL | Eye Boutique\",\"isPartOf\":{\"@id\":\"https:\\\/\\\/eyeboutique.com\\\/#website\"},\"primaryImageOfPage\":{\"@id\":\"https:\\\/\\\/eyeboutique.com\\\/optometrists\\\/bilingual\\\/#primaryimage\"},\"image\":{\"@id\":\"https:\\\/\\\/eyeboutique.com\\\/optometrists\\\/bilingual\\\/#primaryimage\"},\"thumbnailUrl\":\"https:\\\/\\\/eyeboutique.com\\\/wp-content\\\/uploads\\\/2026\\\/04\\\/optometrists-banner-left.jpg\",\"datePublished\":\"2026-04-24T14:02:58+00:00\",\"dateModified\":\"2026-05-07T13:47:03+00:00\",\"description\":\"Eye Boutique has 6 centers with bilingual optometrists & staff for Spanish-speaking patients. Most vision insurance accepted.\",\"breadcrumb\":{\"@id\":\"https:\\\/\\\/eyeboutique.com\\\/optometrists\\\/bilingual\\\/#breadcrumb\"},\"inLanguage\":\"es\",\"potentialAction\":[{\"@type\":\"ReadAction\",\"target\":[\"https:\\\/\\\/eyeboutique.com\\\/optometrists\\\/bilingual\\\/\"]}]},{\"@type\":\"ImageObject\",\"inLanguage\":\"es\",\"@id\":\"https:\\\/\\\/eyeboutique.com\\\/optometrists\\\/bilingual\\\/#primaryimage\",\"url\":\"https:\\\/\\\/eyeboutique.com\\\/wp-content\\\/uploads\\\/2026\\\/04\\\/optometrists-banner-left.jpg\",\"contentUrl\":\"https:\\\/\\\/eyeboutique.com\\\/wp-content\\\/uploads\\\/2026\\\/04\\\/optometrists-banner-left.jpg\"},{\"@type\":\"BreadcrumbList\",\"@id\":\"https:\\\/\\\/eyeboutique.com\\\/optometrists\\\/bilingual\\\/#breadcrumb\",\"itemListElement\":[{\"@type\":\"ListItem\",\"position\":1,\"name\":\"Home\",\"item\":\"https:\\\/\\\/eyeboutique.com\\\/\"},{\"@type\":\"ListItem\",\"position\":2,\"name\":\"Optometrists\",\"item\":\"https:\\\/\\\/eyeboutique.com\\\/optometrists\\\/\"},{\"@type\":\"ListItem\",\"position\":3,\"name\":\"Bilingual Eye Doctor\"}]},{\"@type\":\"WebSite\",\"@id\":\"https:\\\/\\\/eyeboutique.com\\\/#website\",\"url\":\"https:\\\/\\\/eyeboutique.com\\\/\",\"name\":\"Eye Boutique\",\"description\":\"Eye Care Centers near Chicago\",\"potentialAction\":[{\"@type\":\"SearchAction\",\"target\":{\"@type\":\"EntryPoint\",\"urlTemplate\":\"https:\\\/\\\/eyeboutique.com\\\/?s={search_term_string}\"},\"query-input\":{\"@type\":\"PropertyValueSpecification\",\"valueRequired\":true,\"valueName\":\"search_term_string\"}}],\"inLanguage\":\"es\"}]}<\/script>\n<!-- \/ Yoast SEO plugin. -->","yoast_head_json":{"title":"Chicago Spanish Eye Doctors: Bilingual Optometrists IL | Eye Boutique","description":"Eye Boutique has 6 centers with bilingual optometrists & staff for Spanish-speaking patients. Most vision insurance accepted.","robots":{"index":"index","follow":"follow","max-snippet":"max-snippet:-1","max-image-preview":"max-image-preview:large","max-video-preview":"max-video-preview:-1"},"canonical":"https:\/\/eyeboutique.com\/es\/optometrists\/bilingual\/","og_locale":"es_ES","og_type":"article","og_title":"Chicago Spanish Eye Doctors: Bilingual Optometrists IL | Eye Boutique","og_description":"Eye Boutique has 6 centers with bilingual optometrists & staff for Spanish-speaking patients. Most vision insurance accepted.","og_url":"https:\/\/eyeboutique.com\/es\/optometrists\/bilingual\/","og_site_name":"Eye Boutique","article_modified_time":"2026-05-07T13:47:03+00:00","og_image":[{"width":1000,"height":420,"url":"https:\/\/eyeboutique.com\/wp-content\/uploads\/2026\/04\/optometrists-banner-left.jpg","type":"image\/jpeg"}],"twitter_card":"summary_large_image","twitter_misc":{"Tiempo de lectura":"3 minutos"},"schema":{"@context":"https:\/\/schema.org","@graph":[{"@type":"WebPage","@id":"https:\/\/eyeboutique.com\/optometrists\/bilingual\/","url":"https:\/\/eyeboutique.com\/optometrists\/bilingual\/","name":"Chicago Spanish Eye Doctors: Bilingual Optometrists IL | Eye Boutique","isPartOf":{"@id":"https:\/\/eyeboutique.com\/#website"},"primaryImageOfPage":{"@id":"https:\/\/eyeboutique.com\/optometrists\/bilingual\/#primaryimage"},"image":{"@id":"https:\/\/eyeboutique.com\/optometrists\/bilingual\/#primaryimage"},"thumbnailUrl":"https:\/\/eyeboutique.com\/wp-content\/uploads\/2026\/04\/optometrists-banner-left.jpg","datePublished":"2026-04-24T14:02:58+00:00","dateModified":"2026-05-07T13:47:03+00:00","description":"Eye Boutique has 6 centers with bilingual optometrists & staff for Spanish-speaking patients. Most vision insurance accepted.","breadcrumb":{"@id":"https:\/\/eyeboutique.com\/optometrists\/bilingual\/#breadcrumb"},"inLanguage":"es","potentialAction":[{"@type":"ReadAction","target":["https:\/\/eyeboutique.com\/optometrists\/bilingual\/"]}]},{"@type":"ImageObject","inLanguage":"es","@id":"https:\/\/eyeboutique.com\/optometrists\/bilingual\/#primaryimage","url":"https:\/\/eyeboutique.com\/wp-content\/uploads\/2026\/04\/optometrists-banner-left.jpg","contentUrl":"https:\/\/eyeboutique.com\/wp-content\/uploads\/2026\/04\/optometrists-banner-left.jpg"},{"@type":"BreadcrumbList","@id":"https:\/\/eyeboutique.com\/optometrists\/bilingual\/#breadcrumb","itemListElement":[{"@type":"ListItem","position":1,"name":"Home","item":"https:\/\/eyeboutique.com\/"},{"@type":"ListItem","position":2,"name":"Optometrists","item":"https:\/\/eyeboutique.com\/optometrists\/"},{"@type":"ListItem","position":3,"name":"Bilingual Eye Doctor"}]},{"@type":"WebSite","@id":"https:\/\/eyeboutique.com\/#website","url":"https:\/\/eyeboutique.com\/","name":"Boutique de Ojos","description":"Eye Care Centers near Chicago","potentialAction":[{"@type":"SearchAction","target":{"@type":"EntryPoint","urlTemplate":"https:\/\/eyeboutique.com\/?s={search_term_string}"},"query-input":{"@type":"PropertyValueSpecification","valueRequired":true,"valueName":"search_term_string"}}],"inLanguage":"es"}]}},"_links":{"self":[{"href":"https:\/\/eyeboutique.com\/es\/wp-json\/wp\/v2\/pages\/3592","targetHints":{"allow":["GET"]}}],"collection":[{"href":"https:\/\/eyeboutique.com\/es\/wp-json\/wp\/v2\/pages"}],"about":[{"href":"https:\/\/eyeboutique.com\/es\/wp-json\/wp\/v2\/types\/page"}],"author":[{"embeddable":true,"href":"https:\/\/eyeboutique.com\/es\/wp-json\/wp\/v2\/users\/1"}],"replies":[{"embeddable":true,"href":"https:\/\/eyeboutique.com\/es\/wp-json\/wp\/v2\/comments?post=3592"}],"version-history":[{"count":11,"href":"https:\/\/eyeboutique.com\/es\/wp-json\/wp\/v2\/pages\/3592\/revisions"}],"predecessor-version":[{"id":4007,"href":"https:\/\/eyeboutique.com\/es\/wp-json\/wp\/v2\/pages\/3592\/revisions\/4007"}],"up":[{"embeddable":true,"href":"https:\/\/eyeboutique.com\/es\/wp-json\/wp\/v2\/pages\/2714"}],"wp:attachment":[{"href":"https:\/\/eyeboutique.com\/es\/wp-json\/wp\/v2\/media?parent=3592"}],"curies":[{"name":"wp","href":"https:\/\/api.w.org\/{rel}","templated":true}]}}